{"id":393,"date":"2013-10-14T12:54:32","date_gmt":"2013-10-14T10:54:32","guid":{"rendered":"https:\/\/agriturismoparisi.it\/?page_id=393"},"modified":"2014-07-11T11:19:40","modified_gmt":"2014-07-11T09:19:40","slug":"piatti-tipici-traditional-dishes","status":"publish","type":"page","link":"https:\/\/agriturismoparisi.it\/?page_id=393","title":{"rendered":"Piatti tipici &#8211; Traditional dishes"},"content":{"rendered":"<p><script type=\"text\/javascript\">\nfunction lingua(lang){ \n  italy = document.getElementById(\"italian\").style; \n  uk = document.getElementById(\"english\").style; \n  if(lang == 'ita'){ \n      italy.display=\"block\"; \n      uk.display=\"none\"; \n  }else{ \n      italy.display=\"none\"; \n      uk.display=\"block\"; \n  } \n}\n<\/script><br \/>\n<a style=\"margin: 0 !important;\" onclick=\"lingua('ita')\" href=\"#italian\"><img loading=\"lazy\" decoding=\"async\" class=\"alignnone size-full wp-image-45\" alt=\"italiano\" src=\"https:\/\/agriturismoparisi.it\/wp-content\/uploads\/2013\/04\/italiano.gif\" width=\"22\" height=\"14\" \/><\/a>\u00a0\u00a0<a style=\"margin: 0 !important;\" onclick=\"lingua('eng')\" href=\"#english\"><img loading=\"lazy\" decoding=\"async\" class=\"alignnone size-full wp-image-44\" alt=\"english\" src=\"https:\/\/agriturismoparisi.it\/wp-content\/uploads\/2013\/04\/english.gif\" width=\"22\" height=\"14\" \/><\/a><\/p>\n<div id=\"italian\">\n<h1 style=\"text-align: center;\">PIATTI TIPICI<\/h1>\n<div style=\"width: 100%; clear: both;\">\n<img loading=\"lazy\" decoding=\"async\" src=\"https:\/\/agriturismoparisi.it\/wp-content\/uploads\/2013\/10\/olive-ascolana-295x300.jpg\" alt=\"olive-ascolana\" width=\"295\" height=\"300\" class=\"alignleft size-medium wp-image-394\" srcset=\"https:\/\/agriturismoparisi.it\/wp-content\/uploads\/2013\/10\/olive-ascolana-295x300.jpg 295w, https:\/\/agriturismoparisi.it\/wp-content\/uploads\/2013\/10\/olive-ascolana-98x100.jpg 98w, https:\/\/agriturismoparisi.it\/wp-content\/uploads\/2013\/10\/olive-ascolana-55x55.jpg 55w, https:\/\/agriturismoparisi.it\/wp-content\/uploads\/2013\/10\/olive-ascolana-146x149.jpg 146w, https:\/\/agriturismoparisi.it\/wp-content\/uploads\/2013\/10\/olive-ascolana.jpg 600w\" sizes=\"auto, (max-width: 295px) 100vw, 295px\" \/>Le <strong>olive ascolane<\/strong> sono un piatto tipico della Provincia di Ascoli Piceno, oggi diffuse in tutto il territorio italiano dove, diversamente dalla citt\u00e0 d&#8217;origine, vengono generalmente servite assieme ad altri prodotti fritti come antipasto. Nel 2005 le Olive Ascolane del Piceno sono state riconosciute come DOP.\n<\/div>\n<div style=\"width: 100%; clear: both;\">\n<img loading=\"lazy\" decoding=\"async\" src=\"https:\/\/agriturismoparisi.it\/wp-content\/uploads\/2013\/10\/vincisgrassi-300x225.jpg\" alt=\"vincisgrassi\" width=\"300\" height=\"225\" class=\"alignleft size-medium wp-image-395\" srcset=\"https:\/\/agriturismoparisi.it\/wp-content\/uploads\/2013\/10\/vincisgrassi-300x225.jpg 300w, https:\/\/agriturismoparisi.it\/wp-content\/uploads\/2013\/10\/vincisgrassi-100x75.jpg 100w, https:\/\/agriturismoparisi.it\/wp-content\/uploads\/2013\/10\/vincisgrassi-198x149.jpg 198w, https:\/\/agriturismoparisi.it\/wp-content\/uploads\/2013\/10\/vincisgrassi.jpg 500w\" sizes=\"auto, (max-width: 300px) 100vw, 300px\" \/><strong>I vincisgrassi<\/strong> sono una sorta di variante regionale delle lasagne al forno tipica delle Marche. \u00c8 un primo piatto che va tradizionalmente condito con rag\u00f9 e con l&#8217;aggiunta di besciamella. Nelle ricette tradizionali sono presenti anche rigaglie di pollo ed eventualmente anche animelle, midollo, cervella bovine o tartufo. Nell&#8217;impasto delle lasagne possono entrare Marsala o vino cotto.\n<\/div>\n<div style=\"width: 100%; clear: both;\">\n<img loading=\"lazy\" decoding=\"async\" src=\"https:\/\/agriturismoparisi.it\/wp-content\/uploads\/2013\/10\/Vino-bianco-Torino-300x300.jpg\" alt=\"Vino-bianco-Torino\" width=\"300\" height=\"300\" class=\"alignleft size-medium wp-image-396\" srcset=\"https:\/\/agriturismoparisi.it\/wp-content\/uploads\/2013\/10\/Vino-bianco-Torino-300x300.jpg 300w, https:\/\/agriturismoparisi.it\/wp-content\/uploads\/2013\/10\/Vino-bianco-Torino-150x150.jpg 150w, https:\/\/agriturismoparisi.it\/wp-content\/uploads\/2013\/10\/Vino-bianco-Torino-100x100.jpg 100w, https:\/\/agriturismoparisi.it\/wp-content\/uploads\/2013\/10\/Vino-bianco-Torino-55x55.jpg 55w, https:\/\/agriturismoparisi.it\/wp-content\/uploads\/2013\/10\/Vino-bianco-Torino-149x149.jpg 149w, https:\/\/agriturismoparisi.it\/wp-content\/uploads\/2013\/10\/Vino-bianco-Torino-179x179.jpg 179w, https:\/\/agriturismoparisi.it\/wp-content\/uploads\/2013\/10\/Vino-bianco-Torino.jpg 400w\" sizes=\"auto, (max-width: 300px) 100vw, 300px\" \/>Il <strong>Verdicchio<\/strong> \u00e8 un vitigno a bacca bianca coltivato quasi esclusivamente nelle Marche. Si tratta di un vitigno piuttosto eclettico che viene utilizzato per produrre, generalmente in purezza, sia vini freschi e di pronta beva, sia vini molto strutturati e capaci di notevole longevit\u00e0. \u00c8 altres\u00ec utilizzato per produrre spumanti (sia metodi classici, sia Charmat) e vini passiti. Il nome verdicchio deriva chiaramente dal colore dell&#8217;acino, che mantiene evidenti sfumature di verde anche a piena maturazione.\n<\/div>\n<\/div>\n<div id=\"english\" style=\"display: none;\">\n<h1 style=\"text-align: center;\">TRADITIONAL DISHES<\/h1>\n<div style=\"width: 100%; clear: both;\">\n<img loading=\"lazy\" decoding=\"async\" src=\"https:\/\/agriturismoparisi.it\/wp-content\/uploads\/2013\/10\/olive-ascolana-295x300.jpg\" alt=\"olive-ascolana\" width=\"295\" height=\"300\" class=\"alignleft size-medium wp-image-394\" srcset=\"https:\/\/agriturismoparisi.it\/wp-content\/uploads\/2013\/10\/olive-ascolana-295x300.jpg 295w, https:\/\/agriturismoparisi.it\/wp-content\/uploads\/2013\/10\/olive-ascolana-98x100.jpg 98w, https:\/\/agriturismoparisi.it\/wp-content\/uploads\/2013\/10\/olive-ascolana-55x55.jpg 55w, https:\/\/agriturismoparisi.it\/wp-content\/uploads\/2013\/10\/olive-ascolana-146x149.jpg 146w, https:\/\/agriturismoparisi.it\/wp-content\/uploads\/2013\/10\/olive-ascolana.jpg 600w\" sizes=\"auto, (max-width: 295px) 100vw, 295px\" \/>The <strong> olive ascolane <\/strong> are a typical dish of the Province of Ascoli Piceno, now spread throughout the Italian territory, unlike the city of origin, are generally served along with other fried products as a starter. In 2005 Olive Ascolane have been recognized as a PDO.\n<\/div>\n<div style=\"width: 100%; clear: both;\">\n<img loading=\"lazy\" decoding=\"async\" src=\"https:\/\/agriturismoparisi.it\/wp-content\/uploads\/2013\/10\/vincisgrassi-300x225.jpg\" alt=\"vincisgrassi\" width=\"300\" height=\"225\" class=\"alignleft size-medium wp-image-395\" srcset=\"https:\/\/agriturismoparisi.it\/wp-content\/uploads\/2013\/10\/vincisgrassi-300x225.jpg 300w, https:\/\/agriturismoparisi.it\/wp-content\/uploads\/2013\/10\/vincisgrassi-100x75.jpg 100w, https:\/\/agriturismoparisi.it\/wp-content\/uploads\/2013\/10\/vincisgrassi-198x149.jpg 198w, https:\/\/agriturismoparisi.it\/wp-content\/uploads\/2013\/10\/vincisgrassi.jpg 500w\" sizes=\"auto, (max-width: 300px) 100vw, 300px\" \/><strong>Vincisgrassi <\/strong> are a kind of regional variant of lasagna typical of the Marche. It is a dish that is traditionally served with meat sauce and with the addition of b\u00e9chamel. In traditional recipes are also chicken giblets and possibly sweetbreads, marrow, brains or beef truffle. In the mixture of lasagna can enter Marsala wine or cooked.\n<\/div>\n<div style=\"width: 100%; clear: both;\">\n<img loading=\"lazy\" decoding=\"async\" src=\"https:\/\/agriturismoparisi.it\/wp-content\/uploads\/2013\/10\/Vino-bianco-Torino-300x300.jpg\" alt=\"Vino-bianco-Torino\" width=\"300\" height=\"300\" class=\"alignleft size-medium wp-image-396\" srcset=\"https:\/\/agriturismoparisi.it\/wp-content\/uploads\/2013\/10\/Vino-bianco-Torino-300x300.jpg 300w, https:\/\/agriturismoparisi.it\/wp-content\/uploads\/2013\/10\/Vino-bianco-Torino-150x150.jpg 150w, https:\/\/agriturismoparisi.it\/wp-content\/uploads\/2013\/10\/Vino-bianco-Torino-100x100.jpg 100w, https:\/\/agriturismoparisi.it\/wp-content\/uploads\/2013\/10\/Vino-bianco-Torino-55x55.jpg 55w, https:\/\/agriturismoparisi.it\/wp-content\/uploads\/2013\/10\/Vino-bianco-Torino-149x149.jpg 149w, https:\/\/agriturismoparisi.it\/wp-content\/uploads\/2013\/10\/Vino-bianco-Torino-179x179.jpg 179w, https:\/\/agriturismoparisi.it\/wp-content\/uploads\/2013\/10\/Vino-bianco-Torino.jpg 400w\" sizes=\"auto, (max-width: 300px) 100vw, 300px\" \/>The <strong> Verdicchio <\/strong> is a white grape grown almost exclusively in the Marche. It is a rather eclectic variety that is used to produce, generally purity, both wines fresh and ready to drink, wine is well structured and capable of remarkable longevity. It is also used to produce sparkling wines (both classical methods, both Charmat) and dessert wines. The name Verdicchio is clearly derived from the berry color, which keeps obvious shades of green even when fully ripe.\n<\/div>\n<\/div>\n","protected":false},"excerpt":{"rendered":"<p>\u00a0\u00a0 PIATTI TIPICI Le olive ascolane sono un piatto tipico della Provincia di Ascoli Piceno, oggi diffuse in tutto il territorio italiano dove, diversamente dalla citt\u00e0 d&#8217;origine, vengono generalmente servite assieme ad altri prodotti fritti come antipasto. Nel 2005 le Olive Ascolane del Piceno sono state riconosciute come DOP. I vincisgrassi sono una sorta di [&hellip;]<\/p>\n","protected":false},"author":2,"featured_media":0,"parent":0,"menu_order":0,"comment_status":"closed","ping_status":"closed","template":"","meta":{"footnotes":""},"class_list":["post-393","page","type-page","status-publish","hentry"],"yoast_head":"<!-- This site is optimized with the Yoast SEO plugin v26.6 - https:\/\/yoast.com\/wordpress\/plugins\/seo\/ -->\n<title>Country House Marche | Piatti tipici - Traditional dishes | agriturismoparisi.it<\/title>\n<meta name=\"description\" content=\"Scoprite la cucina marchigiana attraverso i suoi piatti tipici. Piatti che potrete trovare nelle cucine di Country House Marche\" \/>\n<meta name=\"robots\" content=\"index, follow, max-snippet:-1, max-image-preview:large, max-video-preview:-1\" \/>\n<link rel=\"canonical\" href=\"https:\/\/agriturismoparisi.it\/?page_id=393\" \/>\n<meta property=\"og:locale\" content=\"it_IT\" \/>\n<meta property=\"og:type\" content=\"article\" \/>\n<meta property=\"og:title\" content=\"Country House Marche | Piatti tipici - Traditional dishes | agriturismoparisi.it\" \/>\n<meta property=\"og:description\" content=\"Scoprite la cucina marchigiana attraverso i suoi piatti tipici. Piatti che potrete trovare nelle cucine di Country House Marche\" \/>\n<meta property=\"og:url\" content=\"https:\/\/agriturismoparisi.it\/?page_id=393\" \/>\n<meta property=\"og:site_name\" content=\"Agriturismo Parisi\" \/>\n<meta property=\"article:modified_time\" content=\"2014-07-11T09:19:40+00:00\" \/>\n<meta property=\"og:image\" content=\"https:\/\/agriturismoparisi.it\/wp-content\/uploads\/2013\/04\/italiano.gif\" \/>\n<meta name=\"twitter:label1\" content=\"Tempo di lettura stimato\" \/>\n\t<meta name=\"twitter:data1\" content=\"2 minuti\" \/>\n<script type=\"application\/ld+json\" class=\"yoast-schema-graph\">{\"@context\":\"https:\/\/schema.org\",\"@graph\":[{\"@type\":\"WebPage\",\"@id\":\"https:\/\/agriturismoparisi.it\/?page_id=393\",\"url\":\"https:\/\/agriturismoparisi.it\/?page_id=393\",\"name\":\"Country House Marche | Piatti tipici - Traditional dishes | agriturismoparisi.it\",\"isPartOf\":{\"@id\":\"https:\/\/agriturismoparisi.it\/#website\"},\"primaryImageOfPage\":{\"@id\":\"https:\/\/agriturismoparisi.it\/?page_id=393#primaryimage\"},\"image\":{\"@id\":\"https:\/\/agriturismoparisi.it\/?page_id=393#primaryimage\"},\"thumbnailUrl\":\"https:\/\/agriturismoparisi.it\/wp-content\/uploads\/2013\/04\/italiano.gif\",\"datePublished\":\"2013-10-14T10:54:32+00:00\",\"dateModified\":\"2014-07-11T09:19:40+00:00\",\"description\":\"Scoprite la cucina marchigiana attraverso i suoi piatti tipici. Piatti che potrete trovare nelle cucine di Country House Marche\",\"breadcrumb\":{\"@id\":\"https:\/\/agriturismoparisi.it\/?page_id=393#breadcrumb\"},\"inLanguage\":\"it-IT\",\"potentialAction\":[{\"@type\":\"ReadAction\",\"target\":[\"https:\/\/agriturismoparisi.it\/?page_id=393\"]}]},{\"@type\":\"ImageObject\",\"inLanguage\":\"it-IT\",\"@id\":\"https:\/\/agriturismoparisi.it\/?page_id=393#primaryimage\",\"url\":\"https:\/\/agriturismoparisi.it\/wp-content\/uploads\/2013\/04\/italiano.gif\",\"contentUrl\":\"https:\/\/agriturismoparisi.it\/wp-content\/uploads\/2013\/04\/italiano.gif\",\"width\":22,\"height\":14},{\"@type\":\"BreadcrumbList\",\"@id\":\"https:\/\/agriturismoparisi.it\/?page_id=393#breadcrumb\",\"itemListElement\":[{\"@type\":\"ListItem\",\"position\":1,\"name\":\"Home\",\"item\":\"https:\/\/agriturismoparisi.it\/\"},{\"@type\":\"ListItem\",\"position\":2,\"name\":\"Piatti tipici &#8211; Traditional dishes\"}]},{\"@type\":\"WebSite\",\"@id\":\"https:\/\/agriturismoparisi.it\/#website\",\"url\":\"https:\/\/agriturismoparisi.it\/\",\"name\":\"Agriturismo Parisi\",\"description\":\"\",\"potentialAction\":[{\"@type\":\"SearchAction\",\"target\":{\"@type\":\"EntryPoint\",\"urlTemplate\":\"https:\/\/agriturismoparisi.it\/?s={search_term_string}\"},\"query-input\":{\"@type\":\"PropertyValueSpecification\",\"valueRequired\":true,\"valueName\":\"search_term_string\"}}],\"inLanguage\":\"it-IT\"}]}<\/script>\n<!-- \/ Yoast SEO plugin. -->","yoast_head_json":{"title":"Country House Marche | Piatti tipici - Traditional dishes | agriturismoparisi.it","description":"Scoprite la cucina marchigiana attraverso i suoi piatti tipici. Piatti che potrete trovare nelle cucine di Country House Marche","robots":{"index":"index","follow":"follow","max-snippet":"max-snippet:-1","max-image-preview":"max-image-preview:large","max-video-preview":"max-video-preview:-1"},"canonical":"https:\/\/agriturismoparisi.it\/?page_id=393","og_locale":"it_IT","og_type":"article","og_title":"Country House Marche | Piatti tipici - Traditional dishes | agriturismoparisi.it","og_description":"Scoprite la cucina marchigiana attraverso i suoi piatti tipici. Piatti che potrete trovare nelle cucine di Country House Marche","og_url":"https:\/\/agriturismoparisi.it\/?page_id=393","og_site_name":"Agriturismo Parisi","article_modified_time":"2014-07-11T09:19:40+00:00","og_image":[{"url":"https:\/\/agriturismoparisi.it\/wp-content\/uploads\/2013\/04\/italiano.gif","type":"","width":"","height":""}],"twitter_misc":{"Tempo di lettura stimato":"2 minuti"},"schema":{"@context":"https:\/\/schema.org","@graph":[{"@type":"WebPage","@id":"https:\/\/agriturismoparisi.it\/?page_id=393","url":"https:\/\/agriturismoparisi.it\/?page_id=393","name":"Country House Marche | Piatti tipici - Traditional dishes | agriturismoparisi.it","isPartOf":{"@id":"https:\/\/agriturismoparisi.it\/#website"},"primaryImageOfPage":{"@id":"https:\/\/agriturismoparisi.it\/?page_id=393#primaryimage"},"image":{"@id":"https:\/\/agriturismoparisi.it\/?page_id=393#primaryimage"},"thumbnailUrl":"https:\/\/agriturismoparisi.it\/wp-content\/uploads\/2013\/04\/italiano.gif","datePublished":"2013-10-14T10:54:32+00:00","dateModified":"2014-07-11T09:19:40+00:00","description":"Scoprite la cucina marchigiana attraverso i suoi piatti tipici. Piatti che potrete trovare nelle cucine di Country House Marche","breadcrumb":{"@id":"https:\/\/agriturismoparisi.it\/?page_id=393#breadcrumb"},"inLanguage":"it-IT","potentialAction":[{"@type":"ReadAction","target":["https:\/\/agriturismoparisi.it\/?page_id=393"]}]},{"@type":"ImageObject","inLanguage":"it-IT","@id":"https:\/\/agriturismoparisi.it\/?page_id=393#primaryimage","url":"https:\/\/agriturismoparisi.it\/wp-content\/uploads\/2013\/04\/italiano.gif","contentUrl":"https:\/\/agriturismoparisi.it\/wp-content\/uploads\/2013\/04\/italiano.gif","width":22,"height":14},{"@type":"BreadcrumbList","@id":"https:\/\/agriturismoparisi.it\/?page_id=393#breadcrumb","itemListElement":[{"@type":"ListItem","position":1,"name":"Home","item":"https:\/\/agriturismoparisi.it\/"},{"@type":"ListItem","position":2,"name":"Piatti tipici &#8211; Traditional dishes"}]},{"@type":"WebSite","@id":"https:\/\/agriturismoparisi.it\/#website","url":"https:\/\/agriturismoparisi.it\/","name":"Agriturismo Parisi","description":"","potentialAction":[{"@type":"SearchAction","target":{"@type":"EntryPoint","urlTemplate":"https:\/\/agriturismoparisi.it\/?s={search_term_string}"},"query-input":{"@type":"PropertyValueSpecification","valueRequired":true,"valueName":"search_term_string"}}],"inLanguage":"it-IT"}]}},"_links":{"self":[{"href":"https:\/\/agriturismoparisi.it\/index.php?rest_route=\/wp\/v2\/pages\/393","targetHints":{"allow":["GET"]}}],"collection":[{"href":"https:\/\/agriturismoparisi.it\/index.php?rest_route=\/wp\/v2\/pages"}],"about":[{"href":"https:\/\/agriturismoparisi.it\/index.php?rest_route=\/wp\/v2\/types\/page"}],"author":[{"embeddable":true,"href":"https:\/\/agriturismoparisi.it\/index.php?rest_route=\/wp\/v2\/users\/2"}],"replies":[{"embeddable":true,"href":"https:\/\/agriturismoparisi.it\/index.php?rest_route=%2Fwp%2Fv2%2Fcomments&post=393"}],"version-history":[{"count":4,"href":"https:\/\/agriturismoparisi.it\/index.php?rest_route=\/wp\/v2\/pages\/393\/revisions"}],"predecessor-version":[{"id":400,"href":"https:\/\/agriturismoparisi.it\/index.php?rest_route=\/wp\/v2\/pages\/393\/revisions\/400"}],"wp:attachment":[{"href":"https:\/\/agriturismoparisi.it\/index.php?rest_route=%2Fwp%2Fv2%2Fmedia&parent=393"}],"curies":[{"name":"wp","href":"https:\/\/api.w.org\/{rel}","templated":true}]}}