{"id":375,"date":"2013-10-14T12:18:10","date_gmt":"2013-10-14T10:18:10","guid":{"rendered":"https:\/\/agriturismoparisi.it\/?page_id=375"},"modified":"2023-03-30T12:05:23","modified_gmt":"2023-03-30T10:05:23","slug":"cosa-vedere-nei-paraggi-sightseeing","status":"publish","type":"page","link":"https:\/\/agriturismoparisi.it\/?page_id=375","title":{"rendered":"Cosa vedere nei paraggi &#8211; Sightseeing"},"content":{"rendered":"<p><script type=\"text\/javascript\"><span data-mce-type=\"bookmark\" style=\"display: inline-block; width: 0px; overflow: hidden; line-height: 0;\" class=\"mce_SELRES_start\">\ufeff<\/span><span data-mce-type=\"bookmark\" style=\"display: inline-block; width: 0px; overflow: hidden; line-height: 0;\" class=\"mce_SELRES_start\">\ufeff<\/span>\/\/ <![CDATA[ function lingua(lang){ italy = document.getElementById(\"italian\").style; uk = document.getElementById(\"english\").style; if(lang == 'ita'){ italy.display=\"block\"; uk.display=\"none\"; }else{ italy.display=\"none\"; uk.display=\"block\"; } } \/\/ ]]><\/script><br \/>\n<a style=\"margin: 0 !important;\" href=\"#italian\"><img loading=\"lazy\" decoding=\"async\" class=\"alignnone size-full wp-image-45\" src=\"https:\/\/agriturismoparisi.it\/wp-content\/uploads\/2013\/04\/italiano.gif\" alt=\"italiano\" width=\"22\" height=\"14\" \/><\/a>\u00a0\u00a0<a style=\"margin: 0 !important;\" href=\"#english\"><img loading=\"lazy\" decoding=\"async\" class=\"alignnone size-full wp-image-44\" src=\"https:\/\/agriturismoparisi.it\/wp-content\/uploads\/2013\/04\/english.gif\" alt=\"english\" width=\"22\" height=\"14\" \/><\/a><\/p>\n<div id=\"italian\">\n<h1 style=\"text-align: center;\">COSA VEDERE NEI PARAGGI<\/h1>\n<\/div>\n<div id=\"italian\">\n<div style=\"width: 100%; clear: both;\"><img loading=\"lazy\" decoding=\"async\" class=\"wp-image-535 size-medium alignleft\" src=\"https:\/\/agriturismoparisi.it\/wp-content\/uploads\/2023\/03\/Arena-Sferisterio-Macerata-300x157.jpg\" alt=\"\" width=\"300\" height=\"157\" srcset=\"https:\/\/agriturismoparisi.it\/wp-content\/uploads\/2023\/03\/Arena-Sferisterio-Macerata-300x157.jpg 300w, https:\/\/agriturismoparisi.it\/wp-content\/uploads\/2023\/03\/Arena-Sferisterio-Macerata-768x402.jpg 768w, https:\/\/agriturismoparisi.it\/wp-content\/uploads\/2023\/03\/Arena-Sferisterio-Macerata-100x52.jpg 100w, https:\/\/agriturismoparisi.it\/wp-content\/uploads\/2023\/03\/Arena-Sferisterio-Macerata-280x147.jpg 280w, https:\/\/agriturismoparisi.it\/wp-content\/uploads\/2023\/03\/Arena-Sferisterio-Macerata.jpg 1024w\" sizes=\"auto, (max-width: 300px) 100vw, 300px\" \/><strong>Macerata Sferisterio<\/strong><\/div>\n<div style=\"width: 100%; clear: both;\"><img loading=\"lazy\" decoding=\"async\" class=\"alignleft size-medium wp-image-385\" src=\"https:\/\/agriturismoparisi.it\/wp-content\/uploads\/2013\/10\/foto-aerea-300x199.jpg\" alt=\"foto-aerea\" width=\"300\" height=\"199\" srcset=\"https:\/\/agriturismoparisi.it\/wp-content\/uploads\/2013\/10\/foto-aerea-300x199.jpg 300w, https:\/\/agriturismoparisi.it\/wp-content\/uploads\/2013\/10\/foto-aerea-1024x682.jpg 1024w, https:\/\/agriturismoparisi.it\/wp-content\/uploads\/2013\/10\/foto-aerea-100x66.jpg 100w, https:\/\/agriturismoparisi.it\/wp-content\/uploads\/2013\/10\/foto-aerea-223x149.jpg 223w, https:\/\/agriturismoparisi.it\/wp-content\/uploads\/2013\/10\/foto-aerea.jpg 1181w\" sizes=\"auto, (max-width: 300px) 100vw, 300px\" \/>L&#8217;<strong>Abbazia di Fiastra<\/strong> sorge nella bassa valle del Chienti in prossimit\u00e0 dell&#8217;omonimo fiume, nel territorio dei comuni di Tolentino e Urbisaglia e rappresenta il pi\u00f9 importante edificio monastico delle Marche. Di uno stile di transizione dal romanico al gotico rispecchia in pieno l&#8217;influsso cistercense di sapore lombardo.<\/div>\n<div style=\"width: 100%; clear: both;\"><img loading=\"lazy\" decoding=\"async\" class=\"wp-image-536 size-medium alignleft\" src=\"https:\/\/agriturismoparisi.it\/wp-content\/uploads\/2023\/03\/Recanati-300x200.jpg\" alt=\"\" width=\"300\" height=\"200\" srcset=\"https:\/\/agriturismoparisi.it\/wp-content\/uploads\/2023\/03\/Recanati-300x200.jpg 300w, https:\/\/agriturismoparisi.it\/wp-content\/uploads\/2023\/03\/Recanati-1024x683.jpg 1024w, https:\/\/agriturismoparisi.it\/wp-content\/uploads\/2023\/03\/Recanati-768x512.jpg 768w, https:\/\/agriturismoparisi.it\/wp-content\/uploads\/2023\/03\/Recanati-1536x1024.jpg 1536w, https:\/\/agriturismoparisi.it\/wp-content\/uploads\/2023\/03\/Recanati-100x67.jpg 100w, https:\/\/agriturismoparisi.it\/wp-content\/uploads\/2023\/03\/Recanati-223x149.jpg 223w, https:\/\/agriturismoparisi.it\/wp-content\/uploads\/2023\/03\/Recanati.jpg 1900w\" sizes=\"auto, (max-width: 300px) 100vw, 300px\" \/><strong>Recanati<\/strong><\/div>\n<div style=\"width: 100%; clear: both;\"><img loading=\"lazy\" decoding=\"async\" class=\"alignleft wp-image-537 size-medium\" src=\"https:\/\/agriturismoparisi.it\/wp-content\/uploads\/2023\/03\/Loreto-300x200.jpg\" alt=\"\" width=\"300\" height=\"200\" srcset=\"https:\/\/agriturismoparisi.it\/wp-content\/uploads\/2023\/03\/Loreto-300x200.jpg 300w, https:\/\/agriturismoparisi.it\/wp-content\/uploads\/2023\/03\/Loreto-1024x681.jpg 1024w, https:\/\/agriturismoparisi.it\/wp-content\/uploads\/2023\/03\/Loreto-768x511.jpg 768w, https:\/\/agriturismoparisi.it\/wp-content\/uploads\/2023\/03\/Loreto-1536x1022.jpg 1536w, https:\/\/agriturismoparisi.it\/wp-content\/uploads\/2023\/03\/Loreto-100x67.jpg 100w, https:\/\/agriturismoparisi.it\/wp-content\/uploads\/2023\/03\/Loreto-224x149.jpg 224w, https:\/\/agriturismoparisi.it\/wp-content\/uploads\/2023\/03\/Loreto.jpg 1690w\" sizes=\"auto, (max-width: 300px) 100vw, 300px\" \/><strong>Loreto<\/strong><\/div>\n<div style=\"width: 100%; clear: both;\"><img loading=\"lazy\" decoding=\"async\" class=\"size-medium wp-image-377 alignleft\" src=\"https:\/\/agriturismoparisi.it\/wp-content\/uploads\/2013\/10\/Piazza_del_popolo_di_notte_-_Ascoli_Piceno-300x225.jpg\" alt=\"Piazza_del_popolo_di_notte_-_Ascoli_Piceno\" width=\"300\" height=\"225\" srcset=\"https:\/\/agriturismoparisi.it\/wp-content\/uploads\/2013\/10\/Piazza_del_popolo_di_notte_-_Ascoli_Piceno-300x225.jpg 300w, https:\/\/agriturismoparisi.it\/wp-content\/uploads\/2013\/10\/Piazza_del_popolo_di_notte_-_Ascoli_Piceno-1024x768.jpg 1024w, https:\/\/agriturismoparisi.it\/wp-content\/uploads\/2013\/10\/Piazza_del_popolo_di_notte_-_Ascoli_Piceno-100x75.jpg 100w, https:\/\/agriturismoparisi.it\/wp-content\/uploads\/2013\/10\/Piazza_del_popolo_di_notte_-_Ascoli_Piceno-198x149.jpg 198w, https:\/\/agriturismoparisi.it\/wp-content\/uploads\/2013\/10\/Piazza_del_popolo_di_notte_-_Ascoli_Piceno.jpg 1200w\" sizes=\"auto, (max-width: 300px) 100vw, 300px\" \/><strong>Ascoli Piceno<\/strong> &#8211; Il suo centro storico costruito quasi interamente in travertino \u00e8 tra i pi\u00f9 ammirati della regione e del centro Italia, in virt\u00f9 della sua ricchezza artistica e architettonica. Conserva diverse torri gentilizie e campanarie e per questo \u00e8 chiamata la Citt\u00e0 delle cento torri. In esso si trova la rinascimentale Piazza del Popolo, considerata tra le pi\u00f9 belle piazze d&#8217;Italia.<\/div>\n<div style=\"width: 100%; clear: both;\"><img loading=\"lazy\" decoding=\"async\" class=\"alignleft size-medium wp-image-380\" src=\"https:\/\/agriturismoparisi.it\/wp-content\/uploads\/2013\/10\/urbino-300x225.jpg\" alt=\"urbino\" width=\"300\" height=\"225\" srcset=\"https:\/\/agriturismoparisi.it\/wp-content\/uploads\/2013\/10\/urbino-300x225.jpg 300w, https:\/\/agriturismoparisi.it\/wp-content\/uploads\/2013\/10\/urbino-1024x768.jpg 1024w, https:\/\/agriturismoparisi.it\/wp-content\/uploads\/2013\/10\/urbino-100x75.jpg 100w, https:\/\/agriturismoparisi.it\/wp-content\/uploads\/2013\/10\/urbino-198x149.jpg 198w, https:\/\/agriturismoparisi.it\/wp-content\/uploads\/2013\/10\/urbino.jpg 1280w\" sizes=\"auto, (max-width: 300px) 100vw, 300px\" \/><strong>Urbino<\/strong> &#8211; Fu uno dei centri pi\u00f9 importanti del Rinascimento italiano, di cui ancora oggi conserva appieno l&#8217;eredit\u00e0 architettonica, dal 1998 il suo centro storico \u00e8 patrimonio dell&#8217;umanit\u00e0 UNESCO. Tra i vari luoghi da visitare si vuole ricordare: Palazzo Ducale, la casa di Raffaello, il Duomo e la Data.<\/div>\n<div style=\"width: 100%; clear: both;\"><img loading=\"lazy\" decoding=\"async\" class=\"alignleft size-medium wp-image-388\" src=\"https:\/\/agriturismoparisi.it\/wp-content\/uploads\/2013\/10\/5676573-300x226.jpg\" alt=\"5676573\" width=\"300\" height=\"226\" srcset=\"https:\/\/agriturismoparisi.it\/wp-content\/uploads\/2013\/10\/5676573-300x226.jpg 300w, https:\/\/agriturismoparisi.it\/wp-content\/uploads\/2013\/10\/5676573-100x75.jpg 100w, https:\/\/agriturismoparisi.it\/wp-content\/uploads\/2013\/10\/5676573-197x149.jpg 197w, https:\/\/agriturismoparisi.it\/wp-content\/uploads\/2013\/10\/5676573.jpg 1024w\" sizes=\"auto, (max-width: 300px) 100vw, 300px\" \/>Il <strong>Monte C\u00f2nero<\/strong> o monte d&#8217;Ancona con i suoi 572 m di altezza \u00e8 il promontorio pi\u00f9 importante del medio Adriatico e quello che ha le rupi marittime pi\u00f9 alte di tutto l&#8217;Adriatico italiano (pi\u00f9 di 500 metri). Nonostante la sua limitata altitudine, merita appieno il nome di monte per l&#8217;aspetto maestoso che mostra a chi lo osserva dal mare, per i suoi sentieri alpestri, per gli strapiombi altissimi con panorami mozzafiato e per le attivit\u00e0 che vi si svolgono tipiche della montagna, come l&#8217;arrampicata libera. Sul promontorio si estende il Parco regionale del Conero.<\/div>\n<\/div>\n<div id=\"english\" style=\"display: none;\">\n<h1 style=\"text-align: center;\">SIGHTSEEING<\/h1>\n<div style=\"width: 100%; clear: both;\"><img loading=\"lazy\" decoding=\"async\" class=\"size-medium wp-image-377 alignleft\" src=\"https:\/\/agriturismoparisi.it\/wp-content\/uploads\/2013\/10\/Piazza_del_popolo_di_notte_-_Ascoli_Piceno-300x225.jpg\" alt=\"Piazza_del_popolo_di_notte_-_Ascoli_Piceno\" width=\"300\" height=\"225\" srcset=\"https:\/\/agriturismoparisi.it\/wp-content\/uploads\/2013\/10\/Piazza_del_popolo_di_notte_-_Ascoli_Piceno-300x225.jpg 300w, https:\/\/agriturismoparisi.it\/wp-content\/uploads\/2013\/10\/Piazza_del_popolo_di_notte_-_Ascoli_Piceno-1024x768.jpg 1024w, https:\/\/agriturismoparisi.it\/wp-content\/uploads\/2013\/10\/Piazza_del_popolo_di_notte_-_Ascoli_Piceno-100x75.jpg 100w, https:\/\/agriturismoparisi.it\/wp-content\/uploads\/2013\/10\/Piazza_del_popolo_di_notte_-_Ascoli_Piceno-198x149.jpg 198w, https:\/\/agriturismoparisi.it\/wp-content\/uploads\/2013\/10\/Piazza_del_popolo_di_notte_-_Ascoli_Piceno.jpg 1200w\" sizes=\"auto, (max-width: 300px) 100vw, 300px\" \/><strong>Ascoli Piceno<\/strong> &#8211; Its historic center constructed almost entirely of travertine is among the most admired of the region of central Italy, thanks to its artistic and architectural richness. Retains a variety of noble towers and bell and this is called the City of a hundred spiers. In it you will find the Renaissance Piazza del Popolo, considered among the most beautiful squares in Italy.<\/div>\n<div style=\"width: 100%; clear: both;\"><img loading=\"lazy\" decoding=\"async\" class=\"alignleft size-medium wp-image-380\" src=\"https:\/\/agriturismoparisi.it\/wp-content\/uploads\/2013\/10\/urbino-300x225.jpg\" alt=\"urbino\" width=\"300\" height=\"225\" srcset=\"https:\/\/agriturismoparisi.it\/wp-content\/uploads\/2013\/10\/urbino-300x225.jpg 300w, https:\/\/agriturismoparisi.it\/wp-content\/uploads\/2013\/10\/urbino-1024x768.jpg 1024w, https:\/\/agriturismoparisi.it\/wp-content\/uploads\/2013\/10\/urbino-100x75.jpg 100w, https:\/\/agriturismoparisi.it\/wp-content\/uploads\/2013\/10\/urbino-198x149.jpg 198w, https:\/\/agriturismoparisi.it\/wp-content\/uploads\/2013\/10\/urbino.jpg 1280w\" sizes=\"auto, (max-width: 300px) 100vw, 300px\" \/><strong>Urbino<\/strong> &#8211; He was one of the most important centers of the Italian Renaissance, which still retains full architectural heritage, since 1998 the old town is a UNESCO World Heritage. Among the various places to visit you want to remember: Doge&#8217;s Palace, the home of Raffaello the Duomo and the Data.<\/div>\n<div style=\"width: 100%; clear: both;\"><img loading=\"lazy\" decoding=\"async\" class=\"alignleft size-medium wp-image-385\" src=\"https:\/\/agriturismoparisi.it\/wp-content\/uploads\/2013\/10\/foto-aerea-300x199.jpg\" alt=\"foto-aerea\" width=\"300\" height=\"199\" srcset=\"https:\/\/agriturismoparisi.it\/wp-content\/uploads\/2013\/10\/foto-aerea-300x199.jpg 300w, https:\/\/agriturismoparisi.it\/wp-content\/uploads\/2013\/10\/foto-aerea-1024x682.jpg 1024w, https:\/\/agriturismoparisi.it\/wp-content\/uploads\/2013\/10\/foto-aerea-100x66.jpg 100w, https:\/\/agriturismoparisi.it\/wp-content\/uploads\/2013\/10\/foto-aerea-223x149.jpg 223w, https:\/\/agriturismoparisi.it\/wp-content\/uploads\/2013\/10\/foto-aerea.jpg 1181w\" sizes=\"auto, (max-width: 300px) 100vw, 300px\" \/><strong>Fiastra Abbey<\/strong> is located in the lower valley of the Chienti close to of the river, in the territory of the municipalities of Tolentino and Urbisaglia and represents the most important monastic building in the Marches. Of a transition style from Romanesque to Gothic Cistercian fully reflects the influence of flavor Lombard.<\/div>\n<div style=\"width: 100%; clear: both;\"><img loading=\"lazy\" decoding=\"async\" class=\"alignleft size-medium wp-image-388\" src=\"https:\/\/agriturismoparisi.it\/wp-content\/uploads\/2013\/10\/5676573-300x226.jpg\" alt=\"5676573\" width=\"300\" height=\"226\" srcset=\"https:\/\/agriturismoparisi.it\/wp-content\/uploads\/2013\/10\/5676573-300x226.jpg 300w, https:\/\/agriturismoparisi.it\/wp-content\/uploads\/2013\/10\/5676573-100x75.jpg 100w, https:\/\/agriturismoparisi.it\/wp-content\/uploads\/2013\/10\/5676573-197x149.jpg 197w, https:\/\/agriturismoparisi.it\/wp-content\/uploads\/2013\/10\/5676573.jpg 1024w\" sizes=\"auto, (max-width: 300px) 100vw, 300px\" \/>The <strong> Monte Conero <\/strong> or upstream of Ancona with its 572 m high hill is the most important part of the Adriatic coast and one that has the highest sea cliffs in the Adriatic Italian (more than 500 meters ). Despite its limited altitude, fully deserves the name of the mountain to the majestic appearance showing those that see it from the sea, in his paths Alpine, for high cliffs with breathtaking views and the activities that take place in typical mountain such as free climbing. On the promontory lies the Regional Park of the Conero.<\/div>\n<\/div>\n","protected":false},"excerpt":{"rendered":"<p>\u00a0\u00a0 COSA VEDERE NEI PARAGGI Macerata Sferisterio L&#8217;Abbazia di Fiastra sorge nella bassa valle del Chienti in prossimit\u00e0 dell&#8217;omonimo fiume, nel territorio dei comuni di Tolentino e Urbisaglia e rappresenta il pi\u00f9 importante edificio monastico delle Marche. Di uno stile di transizione dal romanico al gotico rispecchia in pieno l&#8217;influsso cistercense di sapore lombardo. Recanati [&hellip;]<\/p>\n","protected":false},"author":2,"featured_media":0,"parent":0,"menu_order":0,"comment_status":"closed","ping_status":"closed","template":"","meta":{"footnotes":""},"class_list":["post-375","page","type-page","status-publish","hentry"],"yoast_head":"<!-- This site is optimized with the Yoast SEO plugin v26.6 - https:\/\/yoast.com\/wordpress\/plugins\/seo\/ -->\n<title>Country house Marche | Cosa vedere - Sightseeing | agriturismoparisi.it<\/title>\n<meta name=\"description\" content=\"Scopri cosa \u00e8 possibile vedere nelle vicinanze della country house marche Parisi. Troverete bellissimi luoghi a pochi chilometri dal nostro agriturismo\" \/>\n<meta name=\"robots\" content=\"index, follow, max-snippet:-1, max-image-preview:large, max-video-preview:-1\" \/>\n<link rel=\"canonical\" href=\"https:\/\/agriturismoparisi.it\/?page_id=375\" \/>\n<meta property=\"og:locale\" content=\"it_IT\" \/>\n<meta property=\"og:type\" content=\"article\" \/>\n<meta property=\"og:title\" content=\"Country house Marche | Cosa vedere - Sightseeing | agriturismoparisi.it\" \/>\n<meta property=\"og:description\" content=\"Scopri cosa \u00e8 possibile vedere nelle vicinanze della country house marche Parisi. Troverete bellissimi luoghi a pochi chilometri dal nostro agriturismo\" \/>\n<meta property=\"og:url\" content=\"https:\/\/agriturismoparisi.it\/?page_id=375\" \/>\n<meta property=\"og:site_name\" content=\"Agriturismo Parisi\" \/>\n<meta property=\"article:modified_time\" content=\"2023-03-30T10:05:23+00:00\" \/>\n<meta property=\"og:image\" content=\"https:\/\/agriturismoparisi.it\/wp-content\/uploads\/2013\/04\/italiano.gif\" \/>\n<meta name=\"twitter:label1\" content=\"Tempo di lettura stimato\" \/>\n\t<meta name=\"twitter:data1\" content=\"6 minuti\" \/>\n<script type=\"application\/ld+json\" class=\"yoast-schema-graph\">{\"@context\":\"https:\/\/schema.org\",\"@graph\":[{\"@type\":\"WebPage\",\"@id\":\"https:\/\/agriturismoparisi.it\/?page_id=375\",\"url\":\"https:\/\/agriturismoparisi.it\/?page_id=375\",\"name\":\"Country house Marche | Cosa vedere - Sightseeing | agriturismoparisi.it\",\"isPartOf\":{\"@id\":\"https:\/\/agriturismoparisi.it\/#website\"},\"primaryImageOfPage\":{\"@id\":\"https:\/\/agriturismoparisi.it\/?page_id=375#primaryimage\"},\"image\":{\"@id\":\"https:\/\/agriturismoparisi.it\/?page_id=375#primaryimage\"},\"thumbnailUrl\":\"https:\/\/agriturismoparisi.it\/wp-content\/uploads\/2013\/04\/italiano.gif\",\"datePublished\":\"2013-10-14T10:18:10+00:00\",\"dateModified\":\"2023-03-30T10:05:23+00:00\",\"description\":\"Scopri cosa \u00e8 possibile vedere nelle vicinanze della country house marche Parisi. Troverete bellissimi luoghi a pochi chilometri dal nostro agriturismo\",\"breadcrumb\":{\"@id\":\"https:\/\/agriturismoparisi.it\/?page_id=375#breadcrumb\"},\"inLanguage\":\"it-IT\",\"potentialAction\":[{\"@type\":\"ReadAction\",\"target\":[\"https:\/\/agriturismoparisi.it\/?page_id=375\"]}]},{\"@type\":\"ImageObject\",\"inLanguage\":\"it-IT\",\"@id\":\"https:\/\/agriturismoparisi.it\/?page_id=375#primaryimage\",\"url\":\"https:\/\/agriturismoparisi.it\/wp-content\/uploads\/2013\/04\/italiano.gif\",\"contentUrl\":\"https:\/\/agriturismoparisi.it\/wp-content\/uploads\/2013\/04\/italiano.gif\",\"width\":22,\"height\":14},{\"@type\":\"BreadcrumbList\",\"@id\":\"https:\/\/agriturismoparisi.it\/?page_id=375#breadcrumb\",\"itemListElement\":[{\"@type\":\"ListItem\",\"position\":1,\"name\":\"Home\",\"item\":\"https:\/\/agriturismoparisi.it\/\"},{\"@type\":\"ListItem\",\"position\":2,\"name\":\"Cosa vedere nei paraggi &#8211; Sightseeing\"}]},{\"@type\":\"WebSite\",\"@id\":\"https:\/\/agriturismoparisi.it\/#website\",\"url\":\"https:\/\/agriturismoparisi.it\/\",\"name\":\"Agriturismo Parisi\",\"description\":\"\",\"potentialAction\":[{\"@type\":\"SearchAction\",\"target\":{\"@type\":\"EntryPoint\",\"urlTemplate\":\"https:\/\/agriturismoparisi.it\/?s={search_term_string}\"},\"query-input\":{\"@type\":\"PropertyValueSpecification\",\"valueRequired\":true,\"valueName\":\"search_term_string\"}}],\"inLanguage\":\"it-IT\"}]}<\/script>\n<!-- \/ Yoast SEO plugin. -->","yoast_head_json":{"title":"Country house Marche | Cosa vedere - Sightseeing | agriturismoparisi.it","description":"Scopri cosa \u00e8 possibile vedere nelle vicinanze della country house marche Parisi. Troverete bellissimi luoghi a pochi chilometri dal nostro agriturismo","robots":{"index":"index","follow":"follow","max-snippet":"max-snippet:-1","max-image-preview":"max-image-preview:large","max-video-preview":"max-video-preview:-1"},"canonical":"https:\/\/agriturismoparisi.it\/?page_id=375","og_locale":"it_IT","og_type":"article","og_title":"Country house Marche | Cosa vedere - Sightseeing | agriturismoparisi.it","og_description":"Scopri cosa \u00e8 possibile vedere nelle vicinanze della country house marche Parisi. Troverete bellissimi luoghi a pochi chilometri dal nostro agriturismo","og_url":"https:\/\/agriturismoparisi.it\/?page_id=375","og_site_name":"Agriturismo Parisi","article_modified_time":"2023-03-30T10:05:23+00:00","og_image":[{"url":"https:\/\/agriturismoparisi.it\/wp-content\/uploads\/2013\/04\/italiano.gif","type":"","width":"","height":""}],"twitter_misc":{"Tempo di lettura stimato":"6 minuti"},"schema":{"@context":"https:\/\/schema.org","@graph":[{"@type":"WebPage","@id":"https:\/\/agriturismoparisi.it\/?page_id=375","url":"https:\/\/agriturismoparisi.it\/?page_id=375","name":"Country house Marche | Cosa vedere - Sightseeing | agriturismoparisi.it","isPartOf":{"@id":"https:\/\/agriturismoparisi.it\/#website"},"primaryImageOfPage":{"@id":"https:\/\/agriturismoparisi.it\/?page_id=375#primaryimage"},"image":{"@id":"https:\/\/agriturismoparisi.it\/?page_id=375#primaryimage"},"thumbnailUrl":"https:\/\/agriturismoparisi.it\/wp-content\/uploads\/2013\/04\/italiano.gif","datePublished":"2013-10-14T10:18:10+00:00","dateModified":"2023-03-30T10:05:23+00:00","description":"Scopri cosa \u00e8 possibile vedere nelle vicinanze della country house marche Parisi. Troverete bellissimi luoghi a pochi chilometri dal nostro agriturismo","breadcrumb":{"@id":"https:\/\/agriturismoparisi.it\/?page_id=375#breadcrumb"},"inLanguage":"it-IT","potentialAction":[{"@type":"ReadAction","target":["https:\/\/agriturismoparisi.it\/?page_id=375"]}]},{"@type":"ImageObject","inLanguage":"it-IT","@id":"https:\/\/agriturismoparisi.it\/?page_id=375#primaryimage","url":"https:\/\/agriturismoparisi.it\/wp-content\/uploads\/2013\/04\/italiano.gif","contentUrl":"https:\/\/agriturismoparisi.it\/wp-content\/uploads\/2013\/04\/italiano.gif","width":22,"height":14},{"@type":"BreadcrumbList","@id":"https:\/\/agriturismoparisi.it\/?page_id=375#breadcrumb","itemListElement":[{"@type":"ListItem","position":1,"name":"Home","item":"https:\/\/agriturismoparisi.it\/"},{"@type":"ListItem","position":2,"name":"Cosa vedere nei paraggi &#8211; Sightseeing"}]},{"@type":"WebSite","@id":"https:\/\/agriturismoparisi.it\/#website","url":"https:\/\/agriturismoparisi.it\/","name":"Agriturismo Parisi","description":"","potentialAction":[{"@type":"SearchAction","target":{"@type":"EntryPoint","urlTemplate":"https:\/\/agriturismoparisi.it\/?s={search_term_string}"},"query-input":{"@type":"PropertyValueSpecification","valueRequired":true,"valueName":"search_term_string"}}],"inLanguage":"it-IT"}]}},"_links":{"self":[{"href":"https:\/\/agriturismoparisi.it\/index.php?rest_route=\/wp\/v2\/pages\/375","targetHints":{"allow":["GET"]}}],"collection":[{"href":"https:\/\/agriturismoparisi.it\/index.php?rest_route=\/wp\/v2\/pages"}],"about":[{"href":"https:\/\/agriturismoparisi.it\/index.php?rest_route=\/wp\/v2\/types\/page"}],"author":[{"embeddable":true,"href":"https:\/\/agriturismoparisi.it\/index.php?rest_route=\/wp\/v2\/users\/2"}],"replies":[{"embeddable":true,"href":"https:\/\/agriturismoparisi.it\/index.php?rest_route=%2Fwp%2Fv2%2Fcomments&post=375"}],"version-history":[{"count":14,"href":"https:\/\/agriturismoparisi.it\/index.php?rest_route=\/wp\/v2\/pages\/375\/revisions"}],"predecessor-version":[{"id":539,"href":"https:\/\/agriturismoparisi.it\/index.php?rest_route=\/wp\/v2\/pages\/375\/revisions\/539"}],"wp:attachment":[{"href":"https:\/\/agriturismoparisi.it\/index.php?rest_route=%2Fwp%2Fv2%2Fmedia&parent=375"}],"curies":[{"name":"wp","href":"https:\/\/api.w.org\/{rel}","templated":true}]}}