{"id":201,"date":"2013-06-04T16:29:34","date_gmt":"2013-06-04T14:29:34","guid":{"rendered":"https:\/\/agriturismoparisi.it\/?page_id=201"},"modified":"2023-03-30T11:16:34","modified_gmt":"2023-03-30T09:16:34","slug":"condizioni-di-prenotazione-e-soggiorno","status":"publish","type":"page","link":"https:\/\/agriturismoparisi.it\/?page_id=201","title":{"rendered":"Condizioni di prenotazione e soggiorno"},"content":{"rendered":"<p><script>\/\/ <![CDATA[\nfunction lingua(lang){ \n  italy = document.getElementById(\"italian\").style; \n  uk = document.getElementById(\"english\").style; \n  if(lang == 'ita'){ \n      italy.display=\"block\"; \n      uk.display=\"none\"; \n  }else{ \n      italy.display=\"none\"; \n      uk.display=\"block\"; \n  } \n}\n\/\/ ]]><\/script><br \/>\n<a style=\"margin: 0 !important;\" href=\"#italian\"><img loading=\"lazy\" decoding=\"async\" class=\"alignnone size-full wp-image-45\" src=\"https:\/\/agriturismoparisi.it\/wp-content\/uploads\/2013\/04\/italiano.gif\" alt=\"italiano\" width=\"22\" height=\"14\" \/><\/a>\u00a0\u00a0<a style=\"margin: 0 !important;\" href=\"#english\"><img loading=\"lazy\" decoding=\"async\" class=\"alignnone size-full wp-image-44\" src=\"https:\/\/agriturismoparisi.it\/wp-content\/uploads\/2013\/04\/english.gif\" alt=\"english\" width=\"22\" height=\"14\" \/><\/a><\/p>\n<div id=\"italian\">\n<h1 style=\"text-align: center;\">CONDIZIONI DI PRENOTAZIONE E SOGGIORNO<\/h1>\n<ul>\n<li>Le prenotazioni si intendono confermate definitivamente alla ricezione della caparra confirmatoria (pari al 30% dell&#8217;importo totale);<\/li>\n<li>Il saldo dell&#8217;intero importo sar\u00e0 fatto nel giorno di arrivo;<\/li>\n<li>In caso di annullamento della prenotazione o mancato arrivo la caparra confirmatoria non verr\u00e0 restituita;<\/li>\n<li>In caso di soggiorni non goduti per arrivo ritardato o partenza anticipata, la caparra confirmatoria non verr\u00e0 restituita e verr\u00e0 richiesto il pagamento pari alla met\u00e0 degli importi dei servizi prenotati non goduti;<\/li>\n<li>Soggiorno minimo di cinque notti nel periodo da giugno a settembre;<\/li>\n<li>Soggiorno minimo di due notti negli altri mesi;<\/li>\n<li>L&#8217;arrivo \u00e8 previsto dopo le ore 15.00 del giorno stabilito e la partenza entro le ore 10.00, salvo diversi accordi;<\/li>\n<li>E&#8217; vietato fumare negli spazi chiusi della struttura;<\/li>\n<li>La vostra sicurezza, quella dei vostri bambini, dei vostri animali e cose \u00e8 affidata unicamente alla vostra responsabilit\u00e0 e vigilanza.<\/li>\n<\/ul>\n<\/div>\n<div id=\"english\" style=\"display: none;\">\n<h1 style=\"text-align: center;\">BOOKING CONDITIONS<\/h1>\n<ul>\n<li>Bookings are definitively confirmed upon receiving the deposit (30% of total)<\/li>\n<li>The total payment will be made \u200b\u200bon the day of arrival (ATM and credit cards available)<\/li>\n<li>In case of cancellation or no show, the deposit will not be refunded<\/li>\n<li>For stays not used for late arrival or early departure, the deposit will not be returned and will be required to pay half of the amount of the booked services not used<\/li>\n<li>Arrival is after 15.00 on the agreed date and departure by 10.00 am, unless otherwise agreed<\/li>\n<li>Smoking is not allowed in the closed space of the structure<\/li>\n<li>Your safety and that of your children, your animals and things is based entirely on your own responsibility and supervision<\/li>\n<\/ul>\n<\/div>\n","protected":false},"excerpt":{"rendered":"<p>\u00a0\u00a0 CONDIZIONI DI PRENOTAZIONE E SOGGIORNO Le prenotazioni si intendono confermate definitivamente alla ricezione della caparra confirmatoria (pari al 30% dell&#8217;importo totale); Il saldo dell&#8217;intero importo sar\u00e0 fatto nel giorno di arrivo; In caso di annullamento della prenotazione o mancato arrivo la caparra confirmatoria non verr\u00e0 restituita; In caso di soggiorni non goduti per arrivo [&hellip;]<\/p>\n","protected":false},"author":2,"featured_media":0,"parent":0,"menu_order":0,"comment_status":"closed","ping_status":"closed","template":"","meta":{"footnotes":""},"class_list":["post-201","page","type-page","status-publish","hentry"],"yoast_head":"<!-- This site is optimized with the Yoast SEO plugin v26.6 - https:\/\/yoast.com\/wordpress\/plugins\/seo\/ -->\n<title>Agriturismo Civitanova Marche | Condizioni di prenotazione e soggiorno | agriturismoparisi.it<\/title>\n<meta name=\"description\" content=\"Le condizioni di prenotazione e soggiorno dell&#039;agriturismo Civitanova marche Parisi\" \/>\n<meta name=\"robots\" content=\"index, follow, max-snippet:-1, max-image-preview:large, max-video-preview:-1\" \/>\n<link rel=\"canonical\" href=\"https:\/\/agriturismoparisi.it\/?page_id=201\" \/>\n<meta property=\"og:locale\" content=\"it_IT\" \/>\n<meta property=\"og:type\" content=\"article\" \/>\n<meta property=\"og:title\" content=\"Agriturismo Civitanova Marche | Condizioni di prenotazione e soggiorno | agriturismoparisi.it\" \/>\n<meta property=\"og:description\" content=\"Le condizioni di prenotazione e soggiorno dell&#039;agriturismo Civitanova marche Parisi\" \/>\n<meta property=\"og:url\" content=\"https:\/\/agriturismoparisi.it\/?page_id=201\" \/>\n<meta property=\"og:site_name\" content=\"Agriturismo Parisi\" \/>\n<meta property=\"article:modified_time\" content=\"2023-03-30T09:16:34+00:00\" \/>\n<meta property=\"og:image\" content=\"https:\/\/agriturismoparisi.it\/wp-content\/uploads\/2013\/04\/italiano.gif\" \/>\n<meta name=\"twitter:label1\" content=\"Tempo di lettura stimato\" \/>\n\t<meta name=\"twitter:data1\" content=\"2 minuti\" \/>\n<script type=\"application\/ld+json\" class=\"yoast-schema-graph\">{\"@context\":\"https:\/\/schema.org\",\"@graph\":[{\"@type\":\"WebPage\",\"@id\":\"https:\/\/agriturismoparisi.it\/?page_id=201\",\"url\":\"https:\/\/agriturismoparisi.it\/?page_id=201\",\"name\":\"Agriturismo Civitanova Marche | Condizioni di prenotazione e soggiorno | agriturismoparisi.it\",\"isPartOf\":{\"@id\":\"https:\/\/agriturismoparisi.it\/#website\"},\"primaryImageOfPage\":{\"@id\":\"https:\/\/agriturismoparisi.it\/?page_id=201#primaryimage\"},\"image\":{\"@id\":\"https:\/\/agriturismoparisi.it\/?page_id=201#primaryimage\"},\"thumbnailUrl\":\"https:\/\/agriturismoparisi.it\/wp-content\/uploads\/2013\/04\/italiano.gif\",\"datePublished\":\"2013-06-04T14:29:34+00:00\",\"dateModified\":\"2023-03-30T09:16:34+00:00\",\"description\":\"Le condizioni di prenotazione e soggiorno dell'agriturismo Civitanova marche Parisi\",\"breadcrumb\":{\"@id\":\"https:\/\/agriturismoparisi.it\/?page_id=201#breadcrumb\"},\"inLanguage\":\"it-IT\",\"potentialAction\":[{\"@type\":\"ReadAction\",\"target\":[\"https:\/\/agriturismoparisi.it\/?page_id=201\"]}]},{\"@type\":\"ImageObject\",\"inLanguage\":\"it-IT\",\"@id\":\"https:\/\/agriturismoparisi.it\/?page_id=201#primaryimage\",\"url\":\"https:\/\/agriturismoparisi.it\/wp-content\/uploads\/2013\/04\/italiano.gif\",\"contentUrl\":\"https:\/\/agriturismoparisi.it\/wp-content\/uploads\/2013\/04\/italiano.gif\",\"width\":22,\"height\":14},{\"@type\":\"BreadcrumbList\",\"@id\":\"https:\/\/agriturismoparisi.it\/?page_id=201#breadcrumb\",\"itemListElement\":[{\"@type\":\"ListItem\",\"position\":1,\"name\":\"Home\",\"item\":\"https:\/\/agriturismoparisi.it\/\"},{\"@type\":\"ListItem\",\"position\":2,\"name\":\"Condizioni di prenotazione e soggiorno\"}]},{\"@type\":\"WebSite\",\"@id\":\"https:\/\/agriturismoparisi.it\/#website\",\"url\":\"https:\/\/agriturismoparisi.it\/\",\"name\":\"Agriturismo Parisi\",\"description\":\"\",\"potentialAction\":[{\"@type\":\"SearchAction\",\"target\":{\"@type\":\"EntryPoint\",\"urlTemplate\":\"https:\/\/agriturismoparisi.it\/?s={search_term_string}\"},\"query-input\":{\"@type\":\"PropertyValueSpecification\",\"valueRequired\":true,\"valueName\":\"search_term_string\"}}],\"inLanguage\":\"it-IT\"}]}<\/script>\n<!-- \/ Yoast SEO plugin. -->","yoast_head_json":{"title":"Agriturismo Civitanova Marche | Condizioni di prenotazione e soggiorno | agriturismoparisi.it","description":"Le condizioni di prenotazione e soggiorno dell'agriturismo Civitanova marche Parisi","robots":{"index":"index","follow":"follow","max-snippet":"max-snippet:-1","max-image-preview":"max-image-preview:large","max-video-preview":"max-video-preview:-1"},"canonical":"https:\/\/agriturismoparisi.it\/?page_id=201","og_locale":"it_IT","og_type":"article","og_title":"Agriturismo Civitanova Marche | Condizioni di prenotazione e soggiorno | agriturismoparisi.it","og_description":"Le condizioni di prenotazione e soggiorno dell'agriturismo Civitanova marche Parisi","og_url":"https:\/\/agriturismoparisi.it\/?page_id=201","og_site_name":"Agriturismo Parisi","article_modified_time":"2023-03-30T09:16:34+00:00","og_image":[{"url":"https:\/\/agriturismoparisi.it\/wp-content\/uploads\/2013\/04\/italiano.gif","type":"","width":"","height":""}],"twitter_misc":{"Tempo di lettura stimato":"2 minuti"},"schema":{"@context":"https:\/\/schema.org","@graph":[{"@type":"WebPage","@id":"https:\/\/agriturismoparisi.it\/?page_id=201","url":"https:\/\/agriturismoparisi.it\/?page_id=201","name":"Agriturismo Civitanova Marche | Condizioni di prenotazione e soggiorno | agriturismoparisi.it","isPartOf":{"@id":"https:\/\/agriturismoparisi.it\/#website"},"primaryImageOfPage":{"@id":"https:\/\/agriturismoparisi.it\/?page_id=201#primaryimage"},"image":{"@id":"https:\/\/agriturismoparisi.it\/?page_id=201#primaryimage"},"thumbnailUrl":"https:\/\/agriturismoparisi.it\/wp-content\/uploads\/2013\/04\/italiano.gif","datePublished":"2013-06-04T14:29:34+00:00","dateModified":"2023-03-30T09:16:34+00:00","description":"Le condizioni di prenotazione e soggiorno dell'agriturismo Civitanova marche Parisi","breadcrumb":{"@id":"https:\/\/agriturismoparisi.it\/?page_id=201#breadcrumb"},"inLanguage":"it-IT","potentialAction":[{"@type":"ReadAction","target":["https:\/\/agriturismoparisi.it\/?page_id=201"]}]},{"@type":"ImageObject","inLanguage":"it-IT","@id":"https:\/\/agriturismoparisi.it\/?page_id=201#primaryimage","url":"https:\/\/agriturismoparisi.it\/wp-content\/uploads\/2013\/04\/italiano.gif","contentUrl":"https:\/\/agriturismoparisi.it\/wp-content\/uploads\/2013\/04\/italiano.gif","width":22,"height":14},{"@type":"BreadcrumbList","@id":"https:\/\/agriturismoparisi.it\/?page_id=201#breadcrumb","itemListElement":[{"@type":"ListItem","position":1,"name":"Home","item":"https:\/\/agriturismoparisi.it\/"},{"@type":"ListItem","position":2,"name":"Condizioni di prenotazione e soggiorno"}]},{"@type":"WebSite","@id":"https:\/\/agriturismoparisi.it\/#website","url":"https:\/\/agriturismoparisi.it\/","name":"Agriturismo Parisi","description":"","potentialAction":[{"@type":"SearchAction","target":{"@type":"EntryPoint","urlTemplate":"https:\/\/agriturismoparisi.it\/?s={search_term_string}"},"query-input":{"@type":"PropertyValueSpecification","valueRequired":true,"valueName":"search_term_string"}}],"inLanguage":"it-IT"}]}},"_links":{"self":[{"href":"https:\/\/agriturismoparisi.it\/index.php?rest_route=\/wp\/v2\/pages\/201","targetHints":{"allow":["GET"]}}],"collection":[{"href":"https:\/\/agriturismoparisi.it\/index.php?rest_route=\/wp\/v2\/pages"}],"about":[{"href":"https:\/\/agriturismoparisi.it\/index.php?rest_route=\/wp\/v2\/types\/page"}],"author":[{"embeddable":true,"href":"https:\/\/agriturismoparisi.it\/index.php?rest_route=\/wp\/v2\/users\/2"}],"replies":[{"embeddable":true,"href":"https:\/\/agriturismoparisi.it\/index.php?rest_route=%2Fwp%2Fv2%2Fcomments&post=201"}],"version-history":[{"count":14,"href":"https:\/\/agriturismoparisi.it\/index.php?rest_route=\/wp\/v2\/pages\/201\/revisions"}],"predecessor-version":[{"id":357,"href":"https:\/\/agriturismoparisi.it\/index.php?rest_route=\/wp\/v2\/pages\/201\/revisions\/357"}],"wp:attachment":[{"href":"https:\/\/agriturismoparisi.it\/index.php?rest_route=%2Fwp%2Fv2%2Fmedia&parent=201"}],"curies":[{"name":"wp","href":"https:\/\/api.w.org\/{rel}","templated":true}]}}